{"id":59,"date":"2021-03-06T20:40:24","date_gmt":"2021-03-06T20:40:24","guid":{"rendered":"http:\/\/www.eedeniaed.ee\/?page_id=59"},"modified":"2021-03-07T19:56:00","modified_gmt":"2021-03-07T19:56:00","slug":"kinkekaart","status":"publish","type":"page","link":"http:\/\/www.eedeniaed.ee\/en\/kinkekaart\/","title":{"rendered":"Gift card"},"content":{"rendered":"<p><span><\/span><\/p><h3><span>You can buy gift cards of different values \u200b\u200bfrom our salon.<\/span><\/h3><div><span><br><\/span><\/div><div><span><h2><span><b>Who wouldn't want a gift of pleasure and beauty?<\/b><\/span><\/h2><h3><span><br><\/span><\/h3><h3><span>Realization of a gift card within 2 months.<\/span><\/h3><h3><br><span>You can choose both procedures and products for the value of the gift card.<\/span><\/h3><h3><span><br><\/span><\/h3><\/span><\/div>","protected":false},"excerpt":{"rendered":"<p>Teil on v\u00f5imalus meie salongist soetada erinevas v\u00e4\u00e4rtuses kinkekaarte. Kes ei tahaks kingiks naudinguid ja ilu? Kinkekaardi realiseerimine 2 kuu jooksul. Kinkekaardi v\u00e4\u00e4rtuse eest saab valida nii protseduure kui ka tooteid.<\/p>","protected":false},"author":1,"featured_media":0,"parent":0,"menu_order":0,"comment_status":"closed","ping_status":"closed","template":"","meta":{"pagelayer_contact_templates":[],"_pagelayer_content":"","footnotes":""},"class_list":["post-59","page","type-page","status-publish","hentry"],"yoast_head":"<!-- This site is optimized with the Yoast SEO plugin v27.0 - https:\/\/yoast.com\/product\/yoast-seo-wordpress\/ -->\n<title>Kinkekaart - Eedeniaed by Volodin<\/title>\n<meta name=\"robots\" content=\"index, follow, max-snippet:-1, max-image-preview:large, max-video-preview:-1\" \/>\n<link rel=\"canonical\" href=\"https:\/\/www.eedeniaed.ee\/en\/kinkekaart\/\" \/>\n<meta property=\"og:locale\" content=\"en_US\" \/>\n<meta property=\"og:type\" content=\"article\" \/>\n<meta property=\"og:title\" content=\"Kinkekaart - Eedeniaed by Volodin\" \/>\n<meta property=\"og:description\" content=\"Teil on v\u00f5imalus meie salongist soetada erinevas v\u00e4\u00e4rtuses kinkekaarte. Kes ei tahaks kingiks naudinguid ja ilu? Kinkekaardi realiseerimine 2 kuu jooksul. Kinkekaardi v\u00e4\u00e4rtuse eest saab valida nii protseduure kui ka tooteid.\" \/>\n<meta property=\"og:url\" content=\"https:\/\/www.eedeniaed.ee\/en\/kinkekaart\/\" \/>\n<meta property=\"og:site_name\" content=\"Eedeniaed by Volodin\" \/>\n<meta property=\"article:modified_time\" content=\"2021-03-07T19:56:00+00:00\" \/>\n<meta name=\"twitter:card\" content=\"summary_large_image\" \/>\n<meta name=\"twitter:label1\" content=\"Est. reading time\" \/>\n\t<meta name=\"twitter:data1\" content=\"1 minute\" \/>\n<script type=\"application\/ld+json\" class=\"yoast-schema-graph\">{\"@context\":\"https:\/\/schema.org\",\"@graph\":[{\"@type\":\"WebPage\",\"@id\":\"https:\/\/www.eedeniaed.ee\/kinkekaart\/\",\"url\":\"https:\/\/www.eedeniaed.ee\/kinkekaart\/\",\"name\":\"Kinkekaart - Eedeniaed by Volodin\",\"isPartOf\":{\"@id\":\"https:\/\/www.eedeniaed.ee\/#website\"},\"datePublished\":\"2021-03-06T20:40:24+00:00\",\"dateModified\":\"2021-03-07T19:56:00+00:00\",\"breadcrumb\":{\"@id\":\"https:\/\/www.eedeniaed.ee\/kinkekaart\/#breadcrumb\"},\"inLanguage\":\"en-US\",\"potentialAction\":[{\"@type\":\"ReadAction\",\"target\":[\"https:\/\/www.eedeniaed.ee\/kinkekaart\/\"]}]},{\"@type\":\"BreadcrumbList\",\"@id\":\"https:\/\/www.eedeniaed.ee\/kinkekaart\/#breadcrumb\",\"itemListElement\":[{\"@type\":\"ListItem\",\"position\":1,\"name\":\"Home\",\"item\":\"https:\/\/www.eedeniaed.ee\/\"},{\"@type\":\"ListItem\",\"position\":2,\"name\":\"Kinkekaart\"}]},{\"@type\":\"WebSite\",\"@id\":\"https:\/\/www.eedeniaed.ee\/#website\",\"url\":\"https:\/\/www.eedeniaed.ee\/\",\"name\":\"Eedeniaed by Volodin\",\"description\":\"Rakvere juuksurisalong\",\"potentialAction\":[{\"@type\":\"SearchAction\",\"target\":{\"@type\":\"EntryPoint\",\"urlTemplate\":\"https:\/\/www.eedeniaed.ee\/?s={search_term_string}\"},\"query-input\":{\"@type\":\"PropertyValueSpecification\",\"valueRequired\":true,\"valueName\":\"search_term_string\"}}],\"inLanguage\":\"en-US\"}]}<\/script>\n<!-- \/ Yoast SEO plugin. -->","yoast_head_json":{"title":"Kinkekaart - Eedeniaed by Volodin","robots":{"index":"index","follow":"follow","max-snippet":"max-snippet:-1","max-image-preview":"max-image-preview:large","max-video-preview":"max-video-preview:-1"},"canonical":"https:\/\/www.eedeniaed.ee\/en\/kinkekaart\/","og_locale":"en_US","og_type":"article","og_title":"Kinkekaart - Eedeniaed by Volodin","og_description":"Teil on v\u00f5imalus meie salongist soetada erinevas v\u00e4\u00e4rtuses kinkekaarte. Kes ei tahaks kingiks naudinguid ja ilu? Kinkekaardi realiseerimine 2 kuu jooksul. Kinkekaardi v\u00e4\u00e4rtuse eest saab valida nii protseduure kui ka tooteid.","og_url":"https:\/\/www.eedeniaed.ee\/en\/kinkekaart\/","og_site_name":"Eedeniaed by Volodin","article_modified_time":"2021-03-07T19:56:00+00:00","twitter_card":"summary_large_image","twitter_misc":{"Est. reading time":"1 minute"},"schema":{"@context":"https:\/\/schema.org","@graph":[{"@type":"WebPage","@id":"https:\/\/www.eedeniaed.ee\/kinkekaart\/","url":"https:\/\/www.eedeniaed.ee\/kinkekaart\/","name":"Kinkekaart - Eedeniaed by Volodin","isPartOf":{"@id":"https:\/\/www.eedeniaed.ee\/#website"},"datePublished":"2021-03-06T20:40:24+00:00","dateModified":"2021-03-07T19:56:00+00:00","breadcrumb":{"@id":"https:\/\/www.eedeniaed.ee\/kinkekaart\/#breadcrumb"},"inLanguage":"en-US","potentialAction":[{"@type":"ReadAction","target":["https:\/\/www.eedeniaed.ee\/kinkekaart\/"]}]},{"@type":"BreadcrumbList","@id":"https:\/\/www.eedeniaed.ee\/kinkekaart\/#breadcrumb","itemListElement":[{"@type":"ListItem","position":1,"name":"Home","item":"https:\/\/www.eedeniaed.ee\/"},{"@type":"ListItem","position":2,"name":"Kinkekaart"}]},{"@type":"WebSite","@id":"https:\/\/www.eedeniaed.ee\/#website","url":"https:\/\/www.eedeniaed.ee\/","name":"Eedeniaed by Volodin","description":"Rakvere juuksurisalong","potentialAction":[{"@type":"SearchAction","target":{"@type":"EntryPoint","urlTemplate":"https:\/\/www.eedeniaed.ee\/?s={search_term_string}"},"query-input":{"@type":"PropertyValueSpecification","valueRequired":true,"valueName":"search_term_string"}}],"inLanguage":"en-US"}]}},"_links":{"self":[{"href":"http:\/\/www.eedeniaed.ee\/en\/wp-json\/wp\/v2\/pages\/59","targetHints":{"allow":["GET"]}}],"collection":[{"href":"http:\/\/www.eedeniaed.ee\/en\/wp-json\/wp\/v2\/pages"}],"about":[{"href":"http:\/\/www.eedeniaed.ee\/en\/wp-json\/wp\/v2\/types\/page"}],"author":[{"embeddable":true,"href":"http:\/\/www.eedeniaed.ee\/en\/wp-json\/wp\/v2\/users\/1"}],"replies":[{"embeddable":true,"href":"http:\/\/www.eedeniaed.ee\/en\/wp-json\/wp\/v2\/comments?post=59"}],"version-history":[{"count":0,"href":"http:\/\/www.eedeniaed.ee\/en\/wp-json\/wp\/v2\/pages\/59\/revisions"}],"wp:attachment":[{"href":"http:\/\/www.eedeniaed.ee\/en\/wp-json\/wp\/v2\/media?parent=59"}],"curies":[{"name":"wp","href":"https:\/\/api.w.org\/{rel}","templated":true}]}}