{"id":3,"date":"2021-03-06T19:12:30","date_gmt":"2021-03-06T19:12:30","guid":{"rendered":"http:\/\/www.eedeniaed.ee\/?page_id=3"},"modified":"2026-02-20T08:06:24","modified_gmt":"2026-02-20T08:06:24","slug":"privaatsuspoliitika","status":"publish","type":"page","link":"https:\/\/www.eedeniaed.ee\/en\/privaatsuspoliitika\/","title":{"rendered":"Privacy Policy"},"content":{"rendered":"<p>K\u00e4esolev Privaatsuspoliitika ja k\u00fcpsiste kasutamise teavitus (edaspidi teavitus) sisaldab kasulikku infot selle kohta, kuidas ja milleks Alternator O\u00dc isikuandmeid (andmeid) kogub, t\u00f6\u00f6tleb ja jagab. Privaatsuspoliitika l\u00e4htub andmekaitse \u00fcldregulatsioonist (GDPR \u2013 General Data Protection Regulation). Privaatsuspoliitika eesm\u00e4rk on kaitsta klientide privaatsust koosk\u00f5las Eesti Vabariigi seaduste ning Euroopa Liidu \u00f5igusaktidega.<\/p>\n<p>Kasutades meie veebilehte, n\u00f5ustute k\u00fcpsiste kasutamisega ja isikuandmete t\u00f6\u00f6tlemise tingimustega nagu on kirjeldatud meie Privaatsuspoliitikas.<\/p>\n<h2>Kuidas andmeid kogutakse<\/h2>\n<p>\u00dcldjuhul kogume me isikuandmeid otse andmesubjektidelt ja nende n\u00f5usolekul. Lisaks sellele kasutame me automaatseid andmekogumisvahendeid, sealhulgas k\u00fcpsiseid ja muid j\u00e4lgimisvahendeid, et optimeerida meie kodulehe kasutajakogemust ja pakkuda klientidele paremaid teenuseid.<\/p>\n<h2>K\u00fcpsised ning nendest vabanemine<\/h2>\n<p>K\u00fcpsis (cookie) on v\u00e4ikesemahuline tekstifail, mille veebiserver saadab kasutaja veebilehitsejale ja mis salvestatakse kasutaja arvuti k\u00f5vakettale ning mis v\u00f5imaldab meelde j\u00e4tta kasutaja eelistused nagu k\u00fclastusstatistika jms<\/p>\n<p>K\u00f5ik veebisirvijad on vaikimisi seatud k\u00fcpsiseid lubama, kuid veebisirvija seadeid saab \u00fcldjuhul muuta selliselt, et veebilehitseja keeldub k\u00fcpsistest t\u00e4ielikult, blokeerib kolmandate isikute k\u00fcpsised v\u00f5i teavitab kasutajat igast saadetud k\u00fcpsisest.<\/p>\n<h2>Alternator O\u00dc kasutab j\u00e4rgmiseid k\u00fcpsiseid:<\/h2>\n<p>Seansik\u00fcpsised (ajutised k\u00fcpsised), mille eesm\u00e4rk on v\u00f5imaldada teenuse kasutamist. P\u00fcsik\u00fcpsised (salvestuvad kasutaja arvutisse p\u00e4rast veebilehitseja sulgemist), mille eesm\u00e4rk on pidada meeles kliendi valikuid Alternator O\u00dc veebilehtedel.<\/p>\n<p>T\u00e4psemalt \u00f6eldes kasutab Alternator O\u00dc:<\/p>\n<p>Anal\u00fc\u00fctilisi k\u00fcpsiseid, mis koguvad teavet selle kohta, kuidas veebilehte kasutatakse. N\u00e4iteks, milliseid sisulehti k\u00fclastatakse k\u00f5ige enam v\u00f5i mida k\u00fclastajad veebilehelt otsivad jne. Need k\u00fcpsised ei kogu teavet, mis v\u00f5imaldaks veebilehe kasutajat otseselt tuvastada. Siia hulka kuuluvad nt Google Analyticsi k\u00fcpsised.<\/p>\n<p>Kasutajal on \u00f5igus keelduda k\u00fcpsiste salvestamisest arvutisse. Vastava soovi korral peab kasutaja muutma oma veebilehitseja seadeid.<\/p>\n<h2>Juhendid enamkasutavate veebisirvijate seadistamiseks:<\/h2>\n<p>Edge: <a href=\"https:\/\/support.microsoft.com\/en-gb\/windows\/manage-cookies-in-microsoft-edge-view-allow-block-delete-and-use-168dab11-0753-043d-7c16-ede5947fc64d\" target=\"_blank\" rel=\"noopener\">https:\/\/support.microsoft.com\/en-gb\/windows\/manage-cookies-in-microsoft-edge-view-allow-block-delete-and-use<\/a><br \/>\nChrome: <a href=\"https:\/\/support.google.com\/chrome\/answer\/95647?hl=en\" target=\"_blank\" rel=\"noopener\">https:\/\/support.google.com\/chrome\/answer\/95647?hl=en<\/a><br \/>\nFirefox: <a href=\"http:\/\/support.mozilla.org\/en-US\/kb\/Clear%20Recent%20History\" target=\"_blank\" rel=\"noopener\">http:\/\/support.mozilla.org\/en-US\/kb\/Clear%20Recent%20History<\/a><br \/>\nOpera: <a href=\"http:\/\/www.opera.com\/browser\/tutorials\/security\/privacy\" target=\"_blank\" rel=\"noopener\">http:\/\/www.opera.com\/browser\/tutorials\/security\/privacy<\/a><br \/>\nSafari: <a href=\"https:\/\/support.apple.com\/guide\/safari\/manage-cookies-and-website-data-sfri11471\/mac\" target=\"_blank\" rel=\"noopener\">https:\/\/support.apple.com\/guide\/safari\/manage-cookies-and-website-data-sfri11471\/mac<\/a><\/p>\n<p>K\u00fcpsiste blokeerimisel peab kasutaja arvestama, et k\u00f5ik veebilehe funktsioonid ei pruugi enam kasutajale k\u00e4ttesaadavad olla.<\/p>\n<h2>Isikuandmete jagamine<\/h2>\n<p>Alternator O\u00dc ei edasta kliendi andmeid v\u00e4ljapoole Euroopa (EU) Majanduspiirkonda. Alternator O\u00dc ei jaga kliendi isikuandmeid kolmandatele osapooltele. K\u00f5iki andmeid kasutatakse ainult suhtlemiseks ja parema teenuse pakkumise eesm\u00e4rgil.<\/p>\n<h2>S\u00e4ilitamist\u00e4htaeg \u2013 kui kaua isikuandmeid s\u00e4ilitame?<\/h2>\n<p>Alternator O\u00dc s\u00e4ilitab isikuandmeid \u00fcksnes nii kaua, kui see on nende kogumise eesm\u00e4rgi saavutamiseks vajalik. S\u00e4ilitamist\u00e4htaeg s\u00f5ltub ka vajadusest vastata andmesubjektide p\u00e4ringutele, lahendada probleeme ning t\u00e4ita seadusej\u00e4rgseid dokumentide s\u00e4ilitamise n\u00f5udeid.<\/p>\n<p>Kui me isikuandmeid enam ei vaja ja \u00f5igusaktid nende s\u00e4ilitamist ei n\u00f5ua, kustutame me need isikuandmed. V\u00f5ime j\u00e4tkata k\u00f5nesolevate andmete kasutamist statistilistel eesm\u00e4rkidel, kuid \u00fcksnes pseudon\u00fcmiseeritud v\u00f5i anon\u00fcmiseeritud kujul.<\/p>","protected":false},"excerpt":{"rendered":"<p>K\u00e4esolev Privaatsuspoliitika ja k\u00fcpsiste kasutamise teavitus (edaspidi teavitus) sisaldab kasulikku infot selle kohta, kuidas ja milleks Alternator O\u00dc isikuandmeid (andmeid) kogub, t\u00f6\u00f6tleb ja jagab. Privaatsuspoliitika l\u00e4htub andmekaitse \u00fcldregulatsioonist (GDPR \u2013 General Data Protection Regulation). Privaatsuspoliitika eesm\u00e4rk on kaitsta klientide privaatsust koosk\u00f5las Eesti Vabariigi seaduste ning Euroopa Liidu \u00f5igusaktidega. Kasutades meie veebilehte, n\u00f5ustute k\u00fcpsiste kasutamisega ja [&hellip;]<\/p>\n","protected":false},"author":1,"featured_media":0,"parent":0,"menu_order":0,"comment_status":"closed","ping_status":"closed","template":"","meta":{"pagelayer_contact_templates":[],"_pagelayer_content":"","footnotes":""},"class_list":["post-3","page","type-page","status-publish","hentry"],"yoast_head":"<!-- This site is optimized with the Yoast SEO plugin v27.0 - https:\/\/yoast.com\/product\/yoast-seo-wordpress\/ -->\n<title>Privaatsuspoliitika - Eedeniaed by Volodin<\/title>\n<meta name=\"robots\" content=\"index, follow, max-snippet:-1, max-image-preview:large, max-video-preview:-1\" \/>\n<link rel=\"canonical\" href=\"https:\/\/www.eedeniaed.ee\/en\/privaatsuspoliitika\/\" \/>\n<meta property=\"og:locale\" content=\"en_US\" \/>\n<meta property=\"og:type\" content=\"article\" \/>\n<meta property=\"og:title\" content=\"Privaatsuspoliitika - Eedeniaed by Volodin\" \/>\n<meta property=\"og:description\" content=\"K\u00e4esolev Privaatsuspoliitika ja k\u00fcpsiste kasutamise teavitus (edaspidi teavitus) sisaldab kasulikku infot selle kohta, kuidas ja milleks Alternator O\u00dc isikuandmeid (andmeid) kogub, t\u00f6\u00f6tleb ja jagab. Privaatsuspoliitika l\u00e4htub andmekaitse \u00fcldregulatsioonist (GDPR \u2013 General Data Protection Regulation). Privaatsuspoliitika eesm\u00e4rk on kaitsta klientide privaatsust koosk\u00f5las Eesti Vabariigi seaduste ning Euroopa Liidu \u00f5igusaktidega. Kasutades meie veebilehte, n\u00f5ustute k\u00fcpsiste kasutamisega ja [&hellip;]\" \/>\n<meta property=\"og:url\" content=\"https:\/\/www.eedeniaed.ee\/en\/privaatsuspoliitika\/\" \/>\n<meta property=\"og:site_name\" content=\"Eedeniaed by Volodin\" \/>\n<meta property=\"article:modified_time\" content=\"2026-02-20T08:06:24+00:00\" \/>\n<meta name=\"twitter:card\" content=\"summary_large_image\" \/>\n<meta name=\"twitter:label1\" content=\"Est. reading time\" \/>\n\t<meta name=\"twitter:data1\" content=\"3 minutes\" \/>\n<script type=\"application\/ld+json\" class=\"yoast-schema-graph\">{\"@context\":\"https:\/\/schema.org\",\"@graph\":[{\"@type\":\"WebPage\",\"@id\":\"https:\/\/www.eedeniaed.ee\/privaatsuspoliitika\/\",\"url\":\"https:\/\/www.eedeniaed.ee\/privaatsuspoliitika\/\",\"name\":\"Privaatsuspoliitika - Eedeniaed by Volodin\",\"isPartOf\":{\"@id\":\"https:\/\/www.eedeniaed.ee\/#website\"},\"datePublished\":\"2021-03-06T19:12:30+00:00\",\"dateModified\":\"2026-02-20T08:06:24+00:00\",\"breadcrumb\":{\"@id\":\"https:\/\/www.eedeniaed.ee\/privaatsuspoliitika\/#breadcrumb\"},\"inLanguage\":\"en-US\",\"potentialAction\":[{\"@type\":\"ReadAction\",\"target\":[\"https:\/\/www.eedeniaed.ee\/privaatsuspoliitika\/\"]}]},{\"@type\":\"BreadcrumbList\",\"@id\":\"https:\/\/www.eedeniaed.ee\/privaatsuspoliitika\/#breadcrumb\",\"itemListElement\":[{\"@type\":\"ListItem\",\"position\":1,\"name\":\"Home\",\"item\":\"https:\/\/www.eedeniaed.ee\/\"},{\"@type\":\"ListItem\",\"position\":2,\"name\":\"Privaatsuspoliitika\"}]},{\"@type\":\"WebSite\",\"@id\":\"https:\/\/www.eedeniaed.ee\/#website\",\"url\":\"https:\/\/www.eedeniaed.ee\/\",\"name\":\"Eedeniaed by Volodin\",\"description\":\"Rakvere juuksurisalong\",\"potentialAction\":[{\"@type\":\"SearchAction\",\"target\":{\"@type\":\"EntryPoint\",\"urlTemplate\":\"https:\/\/www.eedeniaed.ee\/?s={search_term_string}\"},\"query-input\":{\"@type\":\"PropertyValueSpecification\",\"valueRequired\":true,\"valueName\":\"search_term_string\"}}],\"inLanguage\":\"en-US\"}]}<\/script>\n<!-- \/ Yoast SEO plugin. -->","yoast_head_json":{"title":"Privaatsuspoliitika - Eedeniaed by Volodin","robots":{"index":"index","follow":"follow","max-snippet":"max-snippet:-1","max-image-preview":"max-image-preview:large","max-video-preview":"max-video-preview:-1"},"canonical":"https:\/\/www.eedeniaed.ee\/en\/privaatsuspoliitika\/","og_locale":"en_US","og_type":"article","og_title":"Privaatsuspoliitika - Eedeniaed by Volodin","og_description":"K\u00e4esolev Privaatsuspoliitika ja k\u00fcpsiste kasutamise teavitus (edaspidi teavitus) sisaldab kasulikku infot selle kohta, kuidas ja milleks Alternator O\u00dc isikuandmeid (andmeid) kogub, t\u00f6\u00f6tleb ja jagab. Privaatsuspoliitika l\u00e4htub andmekaitse \u00fcldregulatsioonist (GDPR \u2013 General Data Protection Regulation). Privaatsuspoliitika eesm\u00e4rk on kaitsta klientide privaatsust koosk\u00f5las Eesti Vabariigi seaduste ning Euroopa Liidu \u00f5igusaktidega. Kasutades meie veebilehte, n\u00f5ustute k\u00fcpsiste kasutamisega ja [&hellip;]","og_url":"https:\/\/www.eedeniaed.ee\/en\/privaatsuspoliitika\/","og_site_name":"Eedeniaed by Volodin","article_modified_time":"2026-02-20T08:06:24+00:00","twitter_card":"summary_large_image","twitter_misc":{"Est. reading time":"3 minutes"},"schema":{"@context":"https:\/\/schema.org","@graph":[{"@type":"WebPage","@id":"https:\/\/www.eedeniaed.ee\/privaatsuspoliitika\/","url":"https:\/\/www.eedeniaed.ee\/privaatsuspoliitika\/","name":"Privaatsuspoliitika - Eedeniaed by Volodin","isPartOf":{"@id":"https:\/\/www.eedeniaed.ee\/#website"},"datePublished":"2021-03-06T19:12:30+00:00","dateModified":"2026-02-20T08:06:24+00:00","breadcrumb":{"@id":"https:\/\/www.eedeniaed.ee\/privaatsuspoliitika\/#breadcrumb"},"inLanguage":"en-US","potentialAction":[{"@type":"ReadAction","target":["https:\/\/www.eedeniaed.ee\/privaatsuspoliitika\/"]}]},{"@type":"BreadcrumbList","@id":"https:\/\/www.eedeniaed.ee\/privaatsuspoliitika\/#breadcrumb","itemListElement":[{"@type":"ListItem","position":1,"name":"Home","item":"https:\/\/www.eedeniaed.ee\/"},{"@type":"ListItem","position":2,"name":"Privaatsuspoliitika"}]},{"@type":"WebSite","@id":"https:\/\/www.eedeniaed.ee\/#website","url":"https:\/\/www.eedeniaed.ee\/","name":"Eedeniaed by Volodin","description":"Rakvere juuksurisalong","potentialAction":[{"@type":"SearchAction","target":{"@type":"EntryPoint","urlTemplate":"https:\/\/www.eedeniaed.ee\/?s={search_term_string}"},"query-input":{"@type":"PropertyValueSpecification","valueRequired":true,"valueName":"search_term_string"}}],"inLanguage":"en-US"}]}},"_links":{"self":[{"href":"https:\/\/www.eedeniaed.ee\/en\/wp-json\/wp\/v2\/pages\/3","targetHints":{"allow":["GET"]}}],"collection":[{"href":"https:\/\/www.eedeniaed.ee\/en\/wp-json\/wp\/v2\/pages"}],"about":[{"href":"https:\/\/www.eedeniaed.ee\/en\/wp-json\/wp\/v2\/types\/page"}],"author":[{"embeddable":true,"href":"https:\/\/www.eedeniaed.ee\/en\/wp-json\/wp\/v2\/users\/1"}],"replies":[{"embeddable":true,"href":"https:\/\/www.eedeniaed.ee\/en\/wp-json\/wp\/v2\/comments?post=3"}],"version-history":[{"count":3,"href":"https:\/\/www.eedeniaed.ee\/en\/wp-json\/wp\/v2\/pages\/3\/revisions"}],"predecessor-version":[{"id":1333,"href":"https:\/\/www.eedeniaed.ee\/en\/wp-json\/wp\/v2\/pages\/3\/revisions\/1333"}],"wp:attachment":[{"href":"https:\/\/www.eedeniaed.ee\/en\/wp-json\/wp\/v2\/media?parent=3"}],"curies":[{"name":"wp","href":"https:\/\/api.w.org\/{rel}","templated":true}]}}