{"id":978,"date":"2024-03-20T18:10:13","date_gmt":"2024-03-20T18:10:13","guid":{"rendered":"https:\/\/www.eedeniaed.ee\/?page_id=978"},"modified":"2024-03-20T18:10:13","modified_gmt":"2024-03-20T18:10:13","slug":"sugaring","status":"publish","type":"page","link":"https:\/\/www.eedeniaed.ee\/en\/sugaring\/","title":{"rendered":"\u0160ugaring"},"content":{"rendered":"<table id=\"tablepress-21\" class=\"tablepress tablepress-id-21\">\n<thead>\n<tr class=\"row-1\">\n\t<th class=\"column-1\">\u0160UGARING<\/th><td class=\"column-2\"><\/td>\n<\/tr>\n<\/thead>\n<tbody class=\"row-striping row-hover\">\n<tr class=\"row-2\">\n\t<td class=\"column-1\">T\u00e4isjalad - 60 minutit<\/td><td class=\"column-2\">40\u20ac<\/td>\n<\/tr>\n<tr class=\"row-3\">\n\t<td class=\"column-1\">Jalad p\u00f5lveni - 30 min<\/td><td class=\"column-2\">25\u20ac<\/td>\n<\/tr>\n<tr class=\"row-4\">\n\t<td class=\"column-1\">K\u00e4ed tervenisti - 60 min<\/td><td class=\"column-2\">30\u20ac<\/td>\n<\/tr>\n<tr class=\"row-5\">\n\t<td class=\"column-1\">K\u00e4ed k\u00fc\u00fcnarnukini - 30 min<\/td><td class=\"column-2\">20\u20ac<\/td>\n<\/tr>\n<tr class=\"row-6\">\n\t<td class=\"column-1\">S\u00fcgavad bikiinid - 40 min<\/td><td class=\"column-2\">40\u20ac<\/td>\n<\/tr>\n<tr class=\"row-7\">\n\t<td class=\"column-1\">Klassikalised bikiinid - 30 min<\/td><td class=\"column-2\">20\u20ac<\/td>\n<\/tr>\n<tr class=\"row-8\">\n\t<td class=\"column-1\">Kaenlaalused - 15-20 min<\/td><td class=\"column-2\">15\u20ac<\/td>\n<\/tr>\n<tr class=\"row-9\">\n\t<td class=\"column-1\">Alaselg, k\u00f5ht - alates 15 min<\/td><td class=\"column-2\">20\u20ac<\/td>\n<\/tr>\n<tr class=\"row-10\">\n\t<td class=\"column-1\">Ninakarvad - 15 min<\/td><td class=\"column-2\">20\u20ac<\/td>\n<\/tr>\n<tr class=\"row-11\">\n\t<td class=\"column-1\">Vuntsid - 15 min.<\/td><td class=\"column-2\">10\u20ac<\/td>\n<\/tr>\n<\/tbody>\n<\/table>\n<!-- #tablepress-21 from cache -->","protected":false},"excerpt":{"rendered":"","protected":false},"author":1,"featured_media":0,"parent":0,"menu_order":0,"comment_status":"closed","ping_status":"closed","template":"","meta":{"pagelayer_contact_templates":[],"_pagelayer_content":"","footnotes":""},"class_list":["post-978","page","type-page","status-publish","hentry"],"yoast_head":"<!-- This site is optimized with the Yoast SEO plugin v27.0 - https:\/\/yoast.com\/product\/yoast-seo-wordpress\/ -->\n<title>\u0160ugaring - Eedeniaed by Volodin<\/title>\n<meta name=\"robots\" content=\"index, follow, max-snippet:-1, max-image-preview:large, max-video-preview:-1\" \/>\n<link rel=\"canonical\" href=\"https:\/\/www.eedeniaed.ee\/en\/sugaring\/\" \/>\n<meta property=\"og:locale\" content=\"en_US\" \/>\n<meta property=\"og:type\" content=\"article\" \/>\n<meta property=\"og:title\" content=\"\u0160ugaring - Eedeniaed by Volodin\" \/>\n<meta property=\"og:url\" content=\"https:\/\/www.eedeniaed.ee\/en\/sugaring\/\" \/>\n<meta property=\"og:site_name\" content=\"Eedeniaed by Volodin\" \/>\n<meta name=\"twitter:card\" content=\"summary_large_image\" \/>\n<meta name=\"twitter:label1\" content=\"Est. reading time\" \/>\n\t<meta name=\"twitter:data1\" content=\"1 minute\" \/>\n<script type=\"application\/ld+json\" class=\"yoast-schema-graph\">{\"@context\":\"https:\/\/schema.org\",\"@graph\":[{\"@type\":\"WebPage\",\"@id\":\"https:\/\/www.eedeniaed.ee\/sugaring\/\",\"url\":\"https:\/\/www.eedeniaed.ee\/sugaring\/\",\"name\":\"\u0160ugaring - Eedeniaed by Volodin\",\"isPartOf\":{\"@id\":\"https:\/\/www.eedeniaed.ee\/#website\"},\"datePublished\":\"2024-03-20T18:10:13+00:00\",\"breadcrumb\":{\"@id\":\"https:\/\/www.eedeniaed.ee\/sugaring\/#breadcrumb\"},\"inLanguage\":\"en-US\",\"potentialAction\":[{\"@type\":\"ReadAction\",\"target\":[\"https:\/\/www.eedeniaed.ee\/sugaring\/\"]}]},{\"@type\":\"BreadcrumbList\",\"@id\":\"https:\/\/www.eedeniaed.ee\/sugaring\/#breadcrumb\",\"itemListElement\":[{\"@type\":\"ListItem\",\"position\":1,\"name\":\"Home\",\"item\":\"https:\/\/www.eedeniaed.ee\/\"},{\"@type\":\"ListItem\",\"position\":2,\"name\":\"\u0160ugaring\"}]},{\"@type\":\"WebSite\",\"@id\":\"https:\/\/www.eedeniaed.ee\/#website\",\"url\":\"https:\/\/www.eedeniaed.ee\/\",\"name\":\"Eedeniaed by Volodin\",\"description\":\"Rakvere juuksurisalong\",\"potentialAction\":[{\"@type\":\"SearchAction\",\"target\":{\"@type\":\"EntryPoint\",\"urlTemplate\":\"https:\/\/www.eedeniaed.ee\/?s={search_term_string}\"},\"query-input\":{\"@type\":\"PropertyValueSpecification\",\"valueRequired\":true,\"valueName\":\"search_term_string\"}}],\"inLanguage\":\"en-US\"}]}<\/script>\n<!-- \/ Yoast SEO plugin. -->","yoast_head_json":{"title":"\u0160ugaring - Eedeniaed by Volodin","robots":{"index":"index","follow":"follow","max-snippet":"max-snippet:-1","max-image-preview":"max-image-preview:large","max-video-preview":"max-video-preview:-1"},"canonical":"https:\/\/www.eedeniaed.ee\/en\/sugaring\/","og_locale":"en_US","og_type":"article","og_title":"\u0160ugaring - Eedeniaed by Volodin","og_url":"https:\/\/www.eedeniaed.ee\/en\/sugaring\/","og_site_name":"Eedeniaed by Volodin","twitter_card":"summary_large_image","twitter_misc":{"Est. reading time":"1 minute"},"schema":{"@context":"https:\/\/schema.org","@graph":[{"@type":"WebPage","@id":"https:\/\/www.eedeniaed.ee\/sugaring\/","url":"https:\/\/www.eedeniaed.ee\/sugaring\/","name":"\u0160ugaring - Eedeniaed by Volodin","isPartOf":{"@id":"https:\/\/www.eedeniaed.ee\/#website"},"datePublished":"2024-03-20T18:10:13+00:00","breadcrumb":{"@id":"https:\/\/www.eedeniaed.ee\/sugaring\/#breadcrumb"},"inLanguage":"en-US","potentialAction":[{"@type":"ReadAction","target":["https:\/\/www.eedeniaed.ee\/sugaring\/"]}]},{"@type":"BreadcrumbList","@id":"https:\/\/www.eedeniaed.ee\/sugaring\/#breadcrumb","itemListElement":[{"@type":"ListItem","position":1,"name":"Home","item":"https:\/\/www.eedeniaed.ee\/"},{"@type":"ListItem","position":2,"name":"\u0160ugaring"}]},{"@type":"WebSite","@id":"https:\/\/www.eedeniaed.ee\/#website","url":"https:\/\/www.eedeniaed.ee\/","name":"Eedeniaed by Volodin","description":"Rakvere juuksurisalong","potentialAction":[{"@type":"SearchAction","target":{"@type":"EntryPoint","urlTemplate":"https:\/\/www.eedeniaed.ee\/?s={search_term_string}"},"query-input":{"@type":"PropertyValueSpecification","valueRequired":true,"valueName":"search_term_string"}}],"inLanguage":"en-US"}]}},"_links":{"self":[{"href":"https:\/\/www.eedeniaed.ee\/en\/wp-json\/wp\/v2\/pages\/978","targetHints":{"allow":["GET"]}}],"collection":[{"href":"https:\/\/www.eedeniaed.ee\/en\/wp-json\/wp\/v2\/pages"}],"about":[{"href":"https:\/\/www.eedeniaed.ee\/en\/wp-json\/wp\/v2\/types\/page"}],"author":[{"embeddable":true,"href":"https:\/\/www.eedeniaed.ee\/en\/wp-json\/wp\/v2\/users\/1"}],"replies":[{"embeddable":true,"href":"https:\/\/www.eedeniaed.ee\/en\/wp-json\/wp\/v2\/comments?post=978"}],"version-history":[{"count":0,"href":"https:\/\/www.eedeniaed.ee\/en\/wp-json\/wp\/v2\/pages\/978\/revisions"}],"wp:attachment":[{"href":"https:\/\/www.eedeniaed.ee\/en\/wp-json\/wp\/v2\/media?parent=978"}],"curies":[{"name":"wp","href":"https:\/\/api.w.org\/{rel}","templated":true}]}}